{"id":697,"date":"2016-12-10T13:33:26","date_gmt":"2016-12-10T13:33:26","guid":{"rendered":"http:\/\/www.mskyselovice.cz\/?page_id=697"},"modified":"2026-02-22T08:29:50","modified_gmt":"2026-02-22T08:29:50","slug":"dokumenty-a-formulare","status":"publish","type":"page","link":"https:\/\/www.mskyselovice.cz\/index.php\/dokumenty-a-formulare\/","title":{"rendered":"Dokumenty a formul\u00e1\u0159e"},"content":{"rendered":"\n<table>\n<tbody>\n<tr>\n<td><strong>Program poradensk\u00fdch slu\u017eeb v M\u0160<\/strong><\/td>\n<td><a href=\"https:\/\/www.mskyselovice.cz\/wp-content\/uploads\/2026\/02\/Program_poradesnkych_sluzeb-v-MS.pdf\"><strong>St\u00e1hnout<\/strong><\/a><\/td>\n<\/tr>\n<tr>\n<td><strong>Inspek\u010dn\u00ed zpr\u00e1va 2025 <\/strong><\/td>\n<td><a href=\"https:\/\/www.mskyselovice.cz\/wp-content\/uploads\/2025\/02\/Inspek\u010dn\u00ed-zpr\u00e1va-2025.pdf\"><strong>St\u00e1hnout<\/strong><\/a><\/td>\n<\/tr>\n<tr>\n<td><strong>\u017d\u00e1dost o p\u0159ijet\u00ed d\u00edt\u011bte k p\u0159ed\u0161koln\u00edmu vzd\u011bl\u00e1v\u00e1n\u00ed <\/strong><\/td>\n<td><a href=\"https:\/\/www.mskyselovice.cz\/wp-content\/uploads\/2026\/02\/zadost_o_prijeti_2026.pdf\"><strong>St\u00e1hnout<\/strong><\/a><\/td>\n<\/tr>\n<tr>\n\n<tr>\n<td><strong>\u0160koln\u00ed \u0159\u00e1d <\/strong><\/td>\n<td><a href=\"https:\/\/www.mskyselovice.cz\/wp-content\/uploads\/2025\/09\/Skolni_rad.pdf\"><strong>St\u00e1hnout<\/strong><\/a><\/td>\n<\/tr>\n<tr>\n<td><strong>Organiza\u010dn\u00ed \u0159\u00e1d <\/strong><\/td>\n<td><a href=\"http:\/\/www.mskyselovice.cz\/wp-content\/uploads\/2017\/09\/Organizacni_rad_MS.pdf\"><strong>St\u00e1hnout<\/strong><\/a><\/td>\n<\/tr>\n<tr>\n<td><strong>Provozn\u00ed \u0159\u00e1d <\/strong><\/td>\n<td><a href=\"https:\/\/www.mskyselovice.cz\/wp-content\/uploads\/2025\/09\/Provozni_rad_MS_2025.pdf\"><strong>St\u00e1hnout<\/strong><\/a><\/td>\n<\/tr>\n<tr>\n<td><strong>\u0160koln\u00ed vzd\u011bl\u00e1vac\u00ed program <\/strong><\/td>\n<td><a href=\"https:\/\/www.mskyselovice.cz\/wp-content\/uploads\/2024\/09\/Skolni_vzdelavaci_program_2024.pdf\"><strong>St\u00e1hnout<\/strong><\/a><\/td>\n<\/tr>\n<tr>\n<td><strong>Rozhodnut\u00ed o nav\u00fd\u0161en\u00ed kapacity M\u0160 a v\u00fddejny<\/strong><\/td>\n<td><a href=\"https:\/\/www.mskyselovice.cz\/wp-content\/uploads\/2024\/04\/rozhodnut\u00ed-o-nav\u00fd\u0161en\u00ed-kapacity-M\u0160-a-v\u00fddejny.pdf\"><strong>St\u00e1hnout<\/strong><\/a><\/td>\n<\/tr>\n<tr>\n<td><strong>P\u0159ihl\u00e1\u0161ka ke stravovan\u00ed<\/strong><\/td>\n<td><a href=\"https:\/\/www.mskyselovice.cz\/wp-content\/uploads\/2025\/06\/prihlaska_ke-_stravovani.pdf\"><strong>St\u00e1hnout<\/strong><\/a><\/td>\n<\/tr>\n<\/tbody>\n<\/table>\n","protected":false},"excerpt":{"rendered":"<p>Program poradensk\u00fdch slu\u017eeb v M\u0160 St\u00e1hnout Inspek\u010dn\u00ed zpr\u00e1va 2025 St\u00e1hnout \u017d\u00e1dost o p\u0159ijet\u00ed d\u00edt\u011bte k p\u0159ed\u0161koln\u00edmu vzd\u011bl\u00e1v\u00e1n\u00ed St\u00e1hnout \u0160koln\u00ed \u0159\u00e1d St\u00e1hnout Organiza\u010dn\u00ed \u0159\u00e1d St\u00e1hnout Provozn\u00ed \u0159\u00e1d St\u00e1hnout \u0160koln\u00ed vzd\u011bl\u00e1vac\u00ed program St\u00e1hnout Rozhodnut\u00ed o nav\u00fd\u0161en\u00ed kapacity M\u0160 a v\u00fddejny St\u00e1hnout P\u0159ihl\u00e1\u0161ka ke stravovan\u00ed St\u00e1hnout<\/p>\n","protected":false},"author":1,"featured_media":0,"parent":0,"menu_order":0,"comment_status":"closed","ping_status":"closed","template":"","meta":{"footnotes":""},"class_list":["post-697","page","type-page","status-publish","hentry"],"_links":{"self":[{"href":"https:\/\/www.mskyselovice.cz\/index.php\/wp-json\/wp\/v2\/pages\/697","targetHints":{"allow":["GET"]}}],"collection":[{"href":"https:\/\/www.mskyselovice.cz\/index.php\/wp-json\/wp\/v2\/pages"}],"about":[{"href":"https:\/\/www.mskyselovice.cz\/index.php\/wp-json\/wp\/v2\/types\/page"}],"author":[{"embeddable":true,"href":"https:\/\/www.mskyselovice.cz\/index.php\/wp-json\/wp\/v2\/users\/1"}],"replies":[{"embeddable":true,"href":"https:\/\/www.mskyselovice.cz\/index.php\/wp-json\/wp\/v2\/comments?post=697"}],"version-history":[{"count":56,"href":"https:\/\/www.mskyselovice.cz\/index.php\/wp-json\/wp\/v2\/pages\/697\/revisions"}],"predecessor-version":[{"id":6035,"href":"https:\/\/www.mskyselovice.cz\/index.php\/wp-json\/wp\/v2\/pages\/697\/revisions\/6035"}],"wp:attachment":[{"href":"https:\/\/www.mskyselovice.cz\/index.php\/wp-json\/wp\/v2\/media?parent=697"}],"curies":[{"name":"wp","href":"https:\/\/api.w.org\/{rel}","templated":true}]}}