{"id":5553,"date":"2024-09-01T14:38:08","date_gmt":"2024-09-01T14:38:08","guid":{"rendered":"https:\/\/www.mskyselovice.cz\/?page_id=5553"},"modified":"2025-09-07T08:52:54","modified_gmt":"2025-09-07T08:52:54","slug":"slunicka","status":"publish","type":"page","link":"https:\/\/www.mskyselovice.cz\/index.php\/slunicka\/","title":{"rendered":"Slun\u00ed\u010dka"},"content":{"rendered":"\n<figure class=\"wp-block-image size-large\"><img loading=\"lazy\" decoding=\"async\" width=\"1024\" height=\"724\" src=\"https:\/\/www.mskyselovice.cz\/wp-content\/uploads\/2025\/09\/TRIDA-SLUNICKA-Tri-dn\u00ed-u\u010ditelky-Mgr.-Renata-Ambro\u017eov\u00e1-Zuzana-K\u0159i\u017ekov\u00e1-1024x724.jpg\" alt=\"\" class=\"wp-image-5891\" srcset=\"https:\/\/www.mskyselovice.cz\/wp-content\/uploads\/2025\/09\/TRIDA-SLUNICKA-Tri-dn\u00ed-u\u010ditelky-Mgr.-Renata-Ambro\u017eov\u00e1-Zuzana-K\u0159i\u017ekov\u00e1-1024x724.jpg 1024w, https:\/\/www.mskyselovice.cz\/wp-content\/uploads\/2025\/09\/TRIDA-SLUNICKA-Tri-dn\u00ed-u\u010ditelky-Mgr.-Renata-Ambro\u017eov\u00e1-Zuzana-K\u0159i\u017ekov\u00e1-300x212.jpg 300w, https:\/\/www.mskyselovice.cz\/wp-content\/uploads\/2025\/09\/TRIDA-SLUNICKA-Tri-dn\u00ed-u\u010ditelky-Mgr.-Renata-Ambro\u017eov\u00e1-Zuzana-K\u0159i\u017ekov\u00e1-768x543.jpg 768w, https:\/\/www.mskyselovice.cz\/wp-content\/uploads\/2025\/09\/TRIDA-SLUNICKA-Tri-dn\u00ed-u\u010ditelky-Mgr.-Renata-Ambro\u017eov\u00e1-Zuzana-K\u0159i\u017ekov\u00e1-1536x1086.jpg 1536w, https:\/\/www.mskyselovice.cz\/wp-content\/uploads\/2025\/09\/TRIDA-SLUNICKA-Tri-dn\u00ed-u\u010ditelky-Mgr.-Renata-Ambro\u017eov\u00e1-Zuzana-K\u0159i\u017ekov\u00e1.jpg 2000w\" sizes=\"auto, (max-width: 1024px) 100vw, 1024px\" \/><\/figure>\n","protected":false},"excerpt":{"rendered":"","protected":false},"author":1,"featured_media":0,"parent":0,"menu_order":0,"comment_status":"closed","ping_status":"closed","template":"fullwidth.php","meta":{"footnotes":""},"class_list":["post-5553","page","type-page","status-publish","hentry"],"_links":{"self":[{"href":"https:\/\/www.mskyselovice.cz\/index.php\/wp-json\/wp\/v2\/pages\/5553","targetHints":{"allow":["GET"]}}],"collection":[{"href":"https:\/\/www.mskyselovice.cz\/index.php\/wp-json\/wp\/v2\/pages"}],"about":[{"href":"https:\/\/www.mskyselovice.cz\/index.php\/wp-json\/wp\/v2\/types\/page"}],"author":[{"embeddable":true,"href":"https:\/\/www.mskyselovice.cz\/index.php\/wp-json\/wp\/v2\/users\/1"}],"replies":[{"embeddable":true,"href":"https:\/\/www.mskyselovice.cz\/index.php\/wp-json\/wp\/v2\/comments?post=5553"}],"version-history":[{"count":3,"href":"https:\/\/www.mskyselovice.cz\/index.php\/wp-json\/wp\/v2\/pages\/5553\/revisions"}],"predecessor-version":[{"id":5892,"href":"https:\/\/www.mskyselovice.cz\/index.php\/wp-json\/wp\/v2\/pages\/5553\/revisions\/5892"}],"wp:attachment":[{"href":"https:\/\/www.mskyselovice.cz\/index.php\/wp-json\/wp\/v2\/media?parent=5553"}],"curies":[{"name":"wp","href":"https:\/\/api.w.org\/{rel}","templated":true}]}}