{"id":4659,"date":"2022-09-05T17:19:11","date_gmt":"2022-09-05T17:19:11","guid":{"rendered":"https:\/\/www.mskyselovice.cz\/?page_id=4659"},"modified":"2024-04-08T06:04:07","modified_gmt":"2024-04-08T06:04:07","slug":"projekt-digitalizace","status":"publish","type":"page","link":"https:\/\/www.mskyselovice.cz\/index.php\/projekt-digitalizace\/","title":{"rendered":"Projekt Digitalizace"},"content":{"rendered":"\n<p>Na z\u00e1klad\u011b N\u00e1rodn\u00edho pl\u00e1nu obnovy, fondu Evropsk\u00e9 unie &#8211;&nbsp; Next Generation EU, byla na\u0161\u00ed mate\u0159sk\u00e9 \u0161kole poskytnuta dotace na po\u0159\u00edzen\u00ed u\u010debn\u00edch pom\u016fcek vyu\u017eiteln\u00fdch pro rozvoj informatick\u00e9ho my\u0161len\u00ed d\u011bt\u00ed a jejich digit\u00e1ln\u00edch kompetenc\u00ed.<\/p>\n\n\n<a href=\"https:\/\/www.mskyselovice.cz\/wp-content\/uploads\/2022\/09\/priloha_1_plakat_digitalizujeme_1_1_.pdf\" class=\"pdfemb-viewer\" style=\"\" data-width=\"max\" data-height=\"max\" data-toolbar=\"bottom\" data-toolbar-fixed=\"off\">priloha_1_plakat_digitalizujeme_1_1_<\/a>\n<p class=\"wp-block-pdfemb-pdf-embedder-viewer\"><\/p>\n\n\n<a href=\"https:\/\/www.mskyselovice.cz\/wp-content\/uploads\/2024\/04\/digitalizace.pdf\" class=\"pdfemb-viewer\" style=\"\" data-width=\"max\" data-height=\"max\" data-toolbar=\"bottom\" data-toolbar-fixed=\"off\">digitalizace<\/a>\n<p class=\"wp-block-pdfemb-pdf-embedder-viewer\"><\/p>\n","protected":false},"excerpt":{"rendered":"<p>Na z\u00e1klad\u011b N\u00e1rodn\u00edho pl\u00e1nu obnovy, fondu Evropsk\u00e9 unie &#8211;&nbsp; Next Generation EU, byla na\u0161\u00ed mate\u0159sk\u00e9 \u0161kole poskytnuta dotace na po\u0159\u00edzen\u00ed u\u010debn\u00edch pom\u016fcek vyu\u017eiteln\u00fdch pro rozvoj informatick\u00e9ho my\u0161len\u00ed d\u011bt\u00ed a jejich digit\u00e1ln\u00edch kompetenc\u00ed.<\/p>\n","protected":false},"author":1,"featured_media":0,"parent":0,"menu_order":0,"comment_status":"closed","ping_status":"closed","template":"","meta":{"footnotes":""},"class_list":["post-4659","page","type-page","status-publish","hentry"],"_links":{"self":[{"href":"https:\/\/www.mskyselovice.cz\/index.php\/wp-json\/wp\/v2\/pages\/4659","targetHints":{"allow":["GET"]}}],"collection":[{"href":"https:\/\/www.mskyselovice.cz\/index.php\/wp-json\/wp\/v2\/pages"}],"about":[{"href":"https:\/\/www.mskyselovice.cz\/index.php\/wp-json\/wp\/v2\/types\/page"}],"author":[{"embeddable":true,"href":"https:\/\/www.mskyselovice.cz\/index.php\/wp-json\/wp\/v2\/users\/1"}],"replies":[{"embeddable":true,"href":"https:\/\/www.mskyselovice.cz\/index.php\/wp-json\/wp\/v2\/comments?post=4659"}],"version-history":[{"count":4,"href":"https:\/\/www.mskyselovice.cz\/index.php\/wp-json\/wp\/v2\/pages\/4659\/revisions"}],"predecessor-version":[{"id":5317,"href":"https:\/\/www.mskyselovice.cz\/index.php\/wp-json\/wp\/v2\/pages\/4659\/revisions\/5317"}],"wp:attachment":[{"href":"https:\/\/www.mskyselovice.cz\/index.php\/wp-json\/wp\/v2\/media?parent=4659"}],"curies":[{"name":"wp","href":"https:\/\/api.w.org\/{rel}","templated":true}]}}