{"id":4553,"date":"2022-06-03T12:17:57","date_gmt":"2022-06-03T12:17:57","guid":{"rendered":"https:\/\/www.mskyselovice.cz\/?page_id=4553"},"modified":"2022-06-03T12:45:49","modified_gmt":"2022-06-03T12:45:49","slug":"ukrajina","status":"publish","type":"page","link":"https:\/\/www.mskyselovice.cz\/index.php\/ukrajina\/","title":{"rendered":"Ukrajina"},"content":{"rendered":"\n<figure class=\"wp-block-image size-large is-resized\"><img decoding=\"async\" src=\"https:\/\/www.mskyselovice.cz\/wp-content\/uploads\/2022\/06\/Sn\u00edmek-obrazovky-2022-06-03-v-14.44.53-1024x569.png\" alt=\"\" class=\"wp-image-4581\" width=\"670\" srcset=\"https:\/\/www.mskyselovice.cz\/wp-content\/uploads\/2022\/06\/Sn\u00edmek-obrazovky-2022-06-03-v-14.44.53-1024x569.png 1024w, https:\/\/www.mskyselovice.cz\/wp-content\/uploads\/2022\/06\/Sn\u00edmek-obrazovky-2022-06-03-v-14.44.53-300x167.png 300w, https:\/\/www.mskyselovice.cz\/wp-content\/uploads\/2022\/06\/Sn\u00edmek-obrazovky-2022-06-03-v-14.44.53-768x427.png 768w, https:\/\/www.mskyselovice.cz\/wp-content\/uploads\/2022\/06\/Sn\u00edmek-obrazovky-2022-06-03-v-14.44.53.png 1044w\" sizes=\"(max-width: 1024px) 100vw, 1024px\" \/><\/figure>\n\n\n<a href=\"https:\/\/www.mskyselovice.cz\/wp-content\/uploads\/2022\/06\/Oznameni-o-konani-zvla-\u0161tn\u00edho-z\u00e1pisu-do-p\u0159ed\u0161koln\u00edho-vzd\u011bl\u00e1v\u00e1n\u00ed-ve-skolnim-roce-2022.pdf\" class=\"pdfemb-viewer\" style=\"width:670px;\" data-width=\"670\" data-height=\"max\" data-toolbar=\"bottom\" data-toolbar-fixed=\"off\">Oznameni-o-konani-zvla-\u0161tn\u00edho-z\u00e1pisu-do-p\u0159ed\u0161koln\u00edho-vzd\u011bl\u00e1v\u00e1n\u00ed-ve-skolnim-roce-2022<\/a>\n<p class=\"wp-block-pdfemb-pdf-embedder-viewer\"><\/p>\n\n\n<a href=\"https:\/\/www.mskyselovice.cz\/wp-content\/uploads\/2022\/06\/Zadost_o_prijeti_ditete_MS_cesko-ukrajinsky-1.pdf\" class=\"pdfemb-viewer\" style=\"width:670px;\" data-width=\"670\" data-height=\"max\" data-toolbar=\"bottom\" data-toolbar-fixed=\"off\">Zadost_o_prijeti_ditete_MS_cesko-ukrajinsky-1<\/a>\n<p class=\"wp-block-pdfemb-pdf-embedder-viewer\"><\/p>\n","protected":false},"excerpt":{"rendered":"","protected":false},"author":1,"featured_media":0,"parent":0,"menu_order":0,"comment_status":"closed","ping_status":"closed","template":"","meta":{"footnotes":""},"class_list":["post-4553","page","type-page","status-publish","hentry"],"_links":{"self":[{"href":"https:\/\/www.mskyselovice.cz\/index.php\/wp-json\/wp\/v2\/pages\/4553","targetHints":{"allow":["GET"]}}],"collection":[{"href":"https:\/\/www.mskyselovice.cz\/index.php\/wp-json\/wp\/v2\/pages"}],"about":[{"href":"https:\/\/www.mskyselovice.cz\/index.php\/wp-json\/wp\/v2\/types\/page"}],"author":[{"embeddable":true,"href":"https:\/\/www.mskyselovice.cz\/index.php\/wp-json\/wp\/v2\/users\/1"}],"replies":[{"embeddable":true,"href":"https:\/\/www.mskyselovice.cz\/index.php\/wp-json\/wp\/v2\/comments?post=4553"}],"version-history":[{"count":8,"href":"https:\/\/www.mskyselovice.cz\/index.php\/wp-json\/wp\/v2\/pages\/4553\/revisions"}],"predecessor-version":[{"id":4582,"href":"https:\/\/www.mskyselovice.cz\/index.php\/wp-json\/wp\/v2\/pages\/4553\/revisions\/4582"}],"wp:attachment":[{"href":"https:\/\/www.mskyselovice.cz\/index.php\/wp-json\/wp\/v2\/media?parent=4553"}],"curies":[{"name":"wp","href":"https:\/\/api.w.org\/{rel}","templated":true}]}}