{"id":3919,"date":"2021-04-12T16:30:58","date_gmt":"2021-04-12T16:30:58","guid":{"rendered":"https:\/\/www.mskyselovice.cz\/?page_id=3919"},"modified":"2021-04-12T16:30:58","modified_gmt":"2021-04-12T16:30:58","slug":"predskolaci-patek-9-4-2021","status":"publish","type":"page","link":"https:\/\/www.mskyselovice.cz\/index.php\/predskolaci-patek-9-4-2021\/","title":{"rendered":"P\u0159ed\u0161kol\u00e1ci-p\u00e1tek (9.4.2021)"},"content":{"rendered":"\n<p>P\u00edsanka str.28,pracovn\u00ed list ,,farma&#8221; viz.obr\u00e1zek<\/p>\n\n\n\n<figure class=\"wp-block-image\"><img decoding=\"async\" src=\"https:\/\/www.mskyselovice.cz\/wp-content\/uploads\/2021\/04\/6f43d1b23d63c734cf22ca2266a86db0.jpg\" alt=\"This image has an empty alt attribute; its file name is 6f43d1b23d63c734cf22ca2266a86db0.jpg\"\/><\/figure>\n","protected":false},"excerpt":{"rendered":"<p>P\u00edsanka str.28,pracovn\u00ed list ,,farma&#8221; viz.obr\u00e1zek<\/p>\n","protected":false},"author":1,"featured_media":0,"parent":0,"menu_order":0,"comment_status":"closed","ping_status":"closed","template":"","meta":{"footnotes":""},"class_list":["post-3919","page","type-page","status-publish","hentry"],"_links":{"self":[{"href":"https:\/\/www.mskyselovice.cz\/index.php\/wp-json\/wp\/v2\/pages\/3919","targetHints":{"allow":["GET"]}}],"collection":[{"href":"https:\/\/www.mskyselovice.cz\/index.php\/wp-json\/wp\/v2\/pages"}],"about":[{"href":"https:\/\/www.mskyselovice.cz\/index.php\/wp-json\/wp\/v2\/types\/page"}],"author":[{"embeddable":true,"href":"https:\/\/www.mskyselovice.cz\/index.php\/wp-json\/wp\/v2\/users\/1"}],"replies":[{"embeddable":true,"href":"https:\/\/www.mskyselovice.cz\/index.php\/wp-json\/wp\/v2\/comments?post=3919"}],"version-history":[{"count":1,"href":"https:\/\/www.mskyselovice.cz\/index.php\/wp-json\/wp\/v2\/pages\/3919\/revisions"}],"predecessor-version":[{"id":3921,"href":"https:\/\/www.mskyselovice.cz\/index.php\/wp-json\/wp\/v2\/pages\/3919\/revisions\/3921"}],"wp:attachment":[{"href":"https:\/\/www.mskyselovice.cz\/index.php\/wp-json\/wp\/v2\/media?parent=3919"}],"curies":[{"name":"wp","href":"https:\/\/api.w.org\/{rel}","templated":true}]}}