{"id":3863,"date":"2021-04-05T10:08:18","date_gmt":"2021-04-05T10:08:18","guid":{"rendered":"https:\/\/www.mskyselovice.cz\/?page_id=3863"},"modified":"2021-04-05T10:08:19","modified_gmt":"2021-04-05T10:08:19","slug":"cinnosti-pro-vsechny-deti-29-3-1-4-2021","status":"publish","type":"page","link":"https:\/\/www.mskyselovice.cz\/index.php\/cinnosti-pro-vsechny-deti-29-3-1-4-2021\/","title":{"rendered":"\u010cinnosti pro v\u0161echny d\u011bti (29.3.-1.4.2021)"},"content":{"rendered":"<a href=\"https:\/\/www.mskyselovice.cz\/wp-content\/uploads\/2021\/03\/Dodr\u017eujeme-tradice....\u010dinnosti-pro-v\u0161echny.pdf\" class=\"pdfemb-viewer\" style=\"\" data-width=\"max\" data-height=\"max\" data-toolbar=\"bottom\" data-toolbar-fixed=\"off\">Dodr\u017eujeme-tradice&#8230;.\u010dinnosti-pro-v\u0161echny<\/a>\n<p class=\"wp-block-pdfemb-pdf-embedder-viewer\"><\/p>\n","protected":false},"excerpt":{"rendered":"","protected":false},"author":1,"featured_media":0,"parent":0,"menu_order":0,"comment_status":"closed","ping_status":"closed","template":"","meta":{"footnotes":""},"class_list":["post-3863","page","type-page","status-publish","hentry"],"_links":{"self":[{"href":"https:\/\/www.mskyselovice.cz\/index.php\/wp-json\/wp\/v2\/pages\/3863","targetHints":{"allow":["GET"]}}],"collection":[{"href":"https:\/\/www.mskyselovice.cz\/index.php\/wp-json\/wp\/v2\/pages"}],"about":[{"href":"https:\/\/www.mskyselovice.cz\/index.php\/wp-json\/wp\/v2\/types\/page"}],"author":[{"embeddable":true,"href":"https:\/\/www.mskyselovice.cz\/index.php\/wp-json\/wp\/v2\/users\/1"}],"replies":[{"embeddable":true,"href":"https:\/\/www.mskyselovice.cz\/index.php\/wp-json\/wp\/v2\/comments?post=3863"}],"version-history":[{"count":1,"href":"https:\/\/www.mskyselovice.cz\/index.php\/wp-json\/wp\/v2\/pages\/3863\/revisions"}],"predecessor-version":[{"id":3865,"href":"https:\/\/www.mskyselovice.cz\/index.php\/wp-json\/wp\/v2\/pages\/3863\/revisions\/3865"}],"wp:attachment":[{"href":"https:\/\/www.mskyselovice.cz\/index.php\/wp-json\/wp\/v2\/media?parent=3863"}],"curies":[{"name":"wp","href":"https:\/\/api.w.org\/{rel}","templated":true}]}}