{"id":3860,"date":"2021-04-05T10:07:29","date_gmt":"2021-04-05T10:07:29","guid":{"rendered":"https:\/\/www.mskyselovice.cz\/?page_id=3860"},"modified":"2021-04-05T10:07:29","modified_gmt":"2021-04-05T10:07:29","slug":"predskolaci-pondeli-29-3-2021","status":"publish","type":"page","link":"https:\/\/www.mskyselovice.cz\/index.php\/predskolaci-pondeli-29-3-2021\/","title":{"rendered":"P\u0159ed\u0161kol\u00e1ci-pond\u011bl\u00ed (29.3.2021)"},"content":{"rendered":"\n<p>p\u00edsanka str.10,pracovn\u00ed list ,,tatary&#8221; viz.obr\u00e1zek<\/p>\n\n\n\n<figure class=\"wp-block-image\"><img decoding=\"async\" src=\"https:\/\/www.mskyselovice.cz\/wp-content\/uploads\/2021\/03\/a94f19d47df9976cb6b7a3a0e29f3658.jpg\" alt=\"This image has an empty alt attribute; its file name is a94f19d47df9976cb6b7a3a0e29f3658.jpg\"\/><\/figure>\n","protected":false},"excerpt":{"rendered":"<p>p\u00edsanka str.10,pracovn\u00ed list ,,tatary&#8221; viz.obr\u00e1zek<\/p>\n","protected":false},"author":1,"featured_media":0,"parent":0,"menu_order":0,"comment_status":"closed","ping_status":"closed","template":"","meta":{"footnotes":""},"class_list":["post-3860","page","type-page","status-publish","hentry"],"_links":{"self":[{"href":"https:\/\/www.mskyselovice.cz\/index.php\/wp-json\/wp\/v2\/pages\/3860","targetHints":{"allow":["GET"]}}],"collection":[{"href":"https:\/\/www.mskyselovice.cz\/index.php\/wp-json\/wp\/v2\/pages"}],"about":[{"href":"https:\/\/www.mskyselovice.cz\/index.php\/wp-json\/wp\/v2\/types\/page"}],"author":[{"embeddable":true,"href":"https:\/\/www.mskyselovice.cz\/index.php\/wp-json\/wp\/v2\/users\/1"}],"replies":[{"embeddable":true,"href":"https:\/\/www.mskyselovice.cz\/index.php\/wp-json\/wp\/v2\/comments?post=3860"}],"version-history":[{"count":1,"href":"https:\/\/www.mskyselovice.cz\/index.php\/wp-json\/wp\/v2\/pages\/3860\/revisions"}],"predecessor-version":[{"id":3862,"href":"https:\/\/www.mskyselovice.cz\/index.php\/wp-json\/wp\/v2\/pages\/3860\/revisions\/3862"}],"wp:attachment":[{"href":"https:\/\/www.mskyselovice.cz\/index.php\/wp-json\/wp\/v2\/media?parent=3860"}],"curies":[{"name":"wp","href":"https:\/\/api.w.org\/{rel}","templated":true}]}}