{"id":3851,"date":"2021-04-05T10:05:29","date_gmt":"2021-04-05T10:05:29","guid":{"rendered":"https:\/\/www.mskyselovice.cz\/?page_id=3851"},"modified":"2021-04-05T10:05:30","modified_gmt":"2021-04-05T10:05:30","slug":"predskolaci-ctvrtek-1-4-2021","status":"publish","type":"page","link":"https:\/\/www.mskyselovice.cz\/index.php\/predskolaci-ctvrtek-1-4-2021\/","title":{"rendered":"P\u0159ed\u0161kol\u00e1ci-\u010dtvrtek (1.4.2021)"},"content":{"rendered":"\n<p>p\u00edsanka str.24,23,pracovn\u00ed list velikono\u010dn\u00ed vaj\u00ed\u010dka viz.obr\u00e1zek<\/p>\n\n\n\n<figure class=\"wp-block-image\"><img decoding=\"async\" src=\"https:\/\/www.mskyselovice.cz\/wp-content\/uploads\/2021\/04\/7ed9e4a72f7bc1c8c3ec0e38bf9f59ab.jpg\" alt=\"This image has an empty alt attribute; its file name is 7ed9e4a72f7bc1c8c3ec0e38bf9f59ab.jpg\"\/><\/figure>\n","protected":false},"excerpt":{"rendered":"<p>p\u00edsanka str.24,23,pracovn\u00ed list velikono\u010dn\u00ed vaj\u00ed\u010dka viz.obr\u00e1zek<\/p>\n","protected":false},"author":1,"featured_media":0,"parent":0,"menu_order":0,"comment_status":"closed","ping_status":"closed","template":"","meta":{"footnotes":""},"class_list":["post-3851","page","type-page","status-publish","hentry"],"_links":{"self":[{"href":"https:\/\/www.mskyselovice.cz\/index.php\/wp-json\/wp\/v2\/pages\/3851","targetHints":{"allow":["GET"]}}],"collection":[{"href":"https:\/\/www.mskyselovice.cz\/index.php\/wp-json\/wp\/v2\/pages"}],"about":[{"href":"https:\/\/www.mskyselovice.cz\/index.php\/wp-json\/wp\/v2\/types\/page"}],"author":[{"embeddable":true,"href":"https:\/\/www.mskyselovice.cz\/index.php\/wp-json\/wp\/v2\/users\/1"}],"replies":[{"embeddable":true,"href":"https:\/\/www.mskyselovice.cz\/index.php\/wp-json\/wp\/v2\/comments?post=3851"}],"version-history":[{"count":1,"href":"https:\/\/www.mskyselovice.cz\/index.php\/wp-json\/wp\/v2\/pages\/3851\/revisions"}],"predecessor-version":[{"id":3853,"href":"https:\/\/www.mskyselovice.cz\/index.php\/wp-json\/wp\/v2\/pages\/3851\/revisions\/3853"}],"wp:attachment":[{"href":"https:\/\/www.mskyselovice.cz\/index.php\/wp-json\/wp\/v2\/media?parent=3851"}],"curies":[{"name":"wp","href":"https:\/\/api.w.org\/{rel}","templated":true}]}}