{"id":3801,"date":"2021-03-27T11:03:46","date_gmt":"2021-03-27T11:03:46","guid":{"rendered":"https:\/\/www.mskyselovice.cz\/?page_id=3801"},"modified":"2021-03-27T11:03:46","modified_gmt":"2021-03-27T11:03:46","slug":"predskolaci-pondeli-22-3-2021","status":"publish","type":"page","link":"https:\/\/www.mskyselovice.cz\/index.php\/predskolaci-pondeli-22-3-2021\/","title":{"rendered":"P\u0159ed\u0161kol\u00e1ci- Pond\u011bl\u00ed (22.3.2021)"},"content":{"rendered":"\n<p>P\u00edsanka str.30,pracovn\u00ed list ,,Velikono\u010dn\u00ed vaj\u00ed\u010dko&#8221; viz.obr\u00e1zek<\/p>\n\n\n\n<figure class=\"wp-block-image\"><img decoding=\"async\" src=\"https:\/\/www.mskyselovice.cz\/wp-content\/uploads\/2021\/03\/fbda219258156bef8fa83394ff3ba03b.jpg\" alt=\"This image has an empty alt attribute; its file name is fbda219258156bef8fa83394ff3ba03b.jpg\"\/><\/figure>\n\n\n\n<p><\/p>\n","protected":false},"excerpt":{"rendered":"<p>P\u00edsanka str.30,pracovn\u00ed list ,,Velikono\u010dn\u00ed vaj\u00ed\u010dko&#8221; viz.obr\u00e1zek<\/p>\n","protected":false},"author":1,"featured_media":0,"parent":0,"menu_order":0,"comment_status":"closed","ping_status":"closed","template":"","meta":{"footnotes":""},"class_list":["post-3801","page","type-page","status-publish","hentry"],"_links":{"self":[{"href":"https:\/\/www.mskyselovice.cz\/index.php\/wp-json\/wp\/v2\/pages\/3801","targetHints":{"allow":["GET"]}}],"collection":[{"href":"https:\/\/www.mskyselovice.cz\/index.php\/wp-json\/wp\/v2\/pages"}],"about":[{"href":"https:\/\/www.mskyselovice.cz\/index.php\/wp-json\/wp\/v2\/types\/page"}],"author":[{"embeddable":true,"href":"https:\/\/www.mskyselovice.cz\/index.php\/wp-json\/wp\/v2\/users\/1"}],"replies":[{"embeddable":true,"href":"https:\/\/www.mskyselovice.cz\/index.php\/wp-json\/wp\/v2\/comments?post=3801"}],"version-history":[{"count":1,"href":"https:\/\/www.mskyselovice.cz\/index.php\/wp-json\/wp\/v2\/pages\/3801\/revisions"}],"predecessor-version":[{"id":3803,"href":"https:\/\/www.mskyselovice.cz\/index.php\/wp-json\/wp\/v2\/pages\/3801\/revisions\/3803"}],"wp:attachment":[{"href":"https:\/\/www.mskyselovice.cz\/index.php\/wp-json\/wp\/v2\/media?parent=3801"}],"curies":[{"name":"wp","href":"https:\/\/api.w.org\/{rel}","templated":true}]}}