{"id":3795,"date":"2021-03-27T11:01:37","date_gmt":"2021-03-27T11:01:37","guid":{"rendered":"https:\/\/www.mskyselovice.cz\/?page_id=3795"},"modified":"2021-03-27T11:01:38","modified_gmt":"2021-03-27T11:01:38","slug":"predskolaci-utery-23-3-2021","status":"publish","type":"page","link":"https:\/\/www.mskyselovice.cz\/index.php\/predskolaci-utery-23-3-2021\/","title":{"rendered":"P\u0159ed\u0161kol\u00e1ci- \u00fater\u00fd (23.3.2021)"},"content":{"rendered":"\n<p>p\u00edsanka str.24,pracovn\u00ed list,, dokreslete obr\u00e1zky&#8221;viz.obr\u00e1zek<\/p>\n\n\n\n<figure class=\"wp-block-image\"><img decoding=\"async\" src=\"https:\/\/www.mskyselovice.cz\/wp-content\/uploads\/2021\/03\/4b2914d98b313d7a3c1bc015e3e2eb25.jpg\" alt=\"This image has an empty alt attribute; its file name is 4b2914d98b313d7a3c1bc015e3e2eb25.jpg\"\/><\/figure>\n","protected":false},"excerpt":{"rendered":"<p>p\u00edsanka str.24,pracovn\u00ed list,, dokreslete obr\u00e1zky&#8221;viz.obr\u00e1zek<\/p>\n","protected":false},"author":1,"featured_media":0,"parent":0,"menu_order":0,"comment_status":"closed","ping_status":"closed","template":"","meta":{"footnotes":""},"class_list":["post-3795","page","type-page","status-publish","hentry"],"_links":{"self":[{"href":"https:\/\/www.mskyselovice.cz\/index.php\/wp-json\/wp\/v2\/pages\/3795","targetHints":{"allow":["GET"]}}],"collection":[{"href":"https:\/\/www.mskyselovice.cz\/index.php\/wp-json\/wp\/v2\/pages"}],"about":[{"href":"https:\/\/www.mskyselovice.cz\/index.php\/wp-json\/wp\/v2\/types\/page"}],"author":[{"embeddable":true,"href":"https:\/\/www.mskyselovice.cz\/index.php\/wp-json\/wp\/v2\/users\/1"}],"replies":[{"embeddable":true,"href":"https:\/\/www.mskyselovice.cz\/index.php\/wp-json\/wp\/v2\/comments?post=3795"}],"version-history":[{"count":1,"href":"https:\/\/www.mskyselovice.cz\/index.php\/wp-json\/wp\/v2\/pages\/3795\/revisions"}],"predecessor-version":[{"id":3797,"href":"https:\/\/www.mskyselovice.cz\/index.php\/wp-json\/wp\/v2\/pages\/3795\/revisions\/3797"}],"wp:attachment":[{"href":"https:\/\/www.mskyselovice.cz\/index.php\/wp-json\/wp\/v2\/media?parent=3795"}],"curies":[{"name":"wp","href":"https:\/\/api.w.org\/{rel}","templated":true}]}}