{"id":3786,"date":"2021-03-27T10:59:50","date_gmt":"2021-03-27T10:59:50","guid":{"rendered":"https:\/\/www.mskyselovice.cz\/?page_id=3786"},"modified":"2021-03-27T10:59:51","modified_gmt":"2021-03-27T10:59:51","slug":"predskolaci-patek-26-3-2021","status":"publish","type":"page","link":"https:\/\/www.mskyselovice.cz\/index.php\/predskolaci-patek-26-3-2021\/","title":{"rendered":"P\u0159ed\u0161kol\u00e1ci-p\u00e1tek (26.3.2021)"},"content":{"rendered":"\n<p>p\u00edsanka str.31,pracovn\u00ed list ,,ove\u010dka&#8221;viz.obr\u00e1zek<\/p>\n\n\n\n<figure class=\"wp-block-image\"><img decoding=\"async\" src=\"https:\/\/www.mskyselovice.cz\/wp-content\/uploads\/2021\/03\/c1a3f9f9aaf89a3664b100ed56d8e601-rotated.jpg\" alt=\"This image has an empty alt attribute; its file name is c1a3f9f9aaf89a3664b100ed56d8e601-rotated.jpg\"\/><\/figure>\n","protected":false},"excerpt":{"rendered":"<p>p\u00edsanka str.31,pracovn\u00ed list ,,ove\u010dka&#8221;viz.obr\u00e1zek<\/p>\n","protected":false},"author":1,"featured_media":0,"parent":0,"menu_order":0,"comment_status":"closed","ping_status":"closed","template":"","meta":{"footnotes":""},"class_list":["post-3786","page","type-page","status-publish","hentry"],"_links":{"self":[{"href":"https:\/\/www.mskyselovice.cz\/index.php\/wp-json\/wp\/v2\/pages\/3786","targetHints":{"allow":["GET"]}}],"collection":[{"href":"https:\/\/www.mskyselovice.cz\/index.php\/wp-json\/wp\/v2\/pages"}],"about":[{"href":"https:\/\/www.mskyselovice.cz\/index.php\/wp-json\/wp\/v2\/types\/page"}],"author":[{"embeddable":true,"href":"https:\/\/www.mskyselovice.cz\/index.php\/wp-json\/wp\/v2\/users\/1"}],"replies":[{"embeddable":true,"href":"https:\/\/www.mskyselovice.cz\/index.php\/wp-json\/wp\/v2\/comments?post=3786"}],"version-history":[{"count":1,"href":"https:\/\/www.mskyselovice.cz\/index.php\/wp-json\/wp\/v2\/pages\/3786\/revisions"}],"predecessor-version":[{"id":3788,"href":"https:\/\/www.mskyselovice.cz\/index.php\/wp-json\/wp\/v2\/pages\/3786\/revisions\/3788"}],"wp:attachment":[{"href":"https:\/\/www.mskyselovice.cz\/index.php\/wp-json\/wp\/v2\/media?parent=3786"}],"curies":[{"name":"wp","href":"https:\/\/api.w.org\/{rel}","templated":true}]}}