{"id":3737,"date":"2021-03-20T09:43:05","date_gmt":"2021-03-20T09:43:05","guid":{"rendered":"https:\/\/www.mskyselovice.cz\/?page_id=3737"},"modified":"2021-03-20T09:43:05","modified_gmt":"2021-03-20T09:43:05","slug":"predskolaci-patek-19-3-2021","status":"publish","type":"page","link":"https:\/\/www.mskyselovice.cz\/index.php\/predskolaci-patek-19-3-2021\/","title":{"rendered":"P\u0159ed\u0161kol\u00e1ci-p\u00e1tek (19.3.2021)"},"content":{"rendered":"\n<p>P\u00edsanka str.26, pracovn\u00ed list ,,Vesel\u00fd,smutn\u00fd&#8221;viz.obr\u00e1zek<\/p>\n\n\n\n<figure class=\"wp-block-image\"><img decoding=\"async\" src=\"https:\/\/www.mskyselovice.cz\/wp-content\/uploads\/2021\/03\/IMG_20210319_100701-rotated.jpg\" alt=\"This image has an empty alt attribute; its file name is IMG_20210319_100701-rotated.jpg\"\/><\/figure>\n","protected":false},"excerpt":{"rendered":"<p>P\u00edsanka str.26, pracovn\u00ed list ,,Vesel\u00fd,smutn\u00fd&#8221;viz.obr\u00e1zek<\/p>\n","protected":false},"author":1,"featured_media":0,"parent":0,"menu_order":0,"comment_status":"closed","ping_status":"closed","template":"","meta":{"footnotes":""},"class_list":["post-3737","page","type-page","status-publish","hentry"],"_links":{"self":[{"href":"https:\/\/www.mskyselovice.cz\/index.php\/wp-json\/wp\/v2\/pages\/3737","targetHints":{"allow":["GET"]}}],"collection":[{"href":"https:\/\/www.mskyselovice.cz\/index.php\/wp-json\/wp\/v2\/pages"}],"about":[{"href":"https:\/\/www.mskyselovice.cz\/index.php\/wp-json\/wp\/v2\/types\/page"}],"author":[{"embeddable":true,"href":"https:\/\/www.mskyselovice.cz\/index.php\/wp-json\/wp\/v2\/users\/1"}],"replies":[{"embeddable":true,"href":"https:\/\/www.mskyselovice.cz\/index.php\/wp-json\/wp\/v2\/comments?post=3737"}],"version-history":[{"count":1,"href":"https:\/\/www.mskyselovice.cz\/index.php\/wp-json\/wp\/v2\/pages\/3737\/revisions"}],"predecessor-version":[{"id":3739,"href":"https:\/\/www.mskyselovice.cz\/index.php\/wp-json\/wp\/v2\/pages\/3737\/revisions\/3739"}],"wp:attachment":[{"href":"https:\/\/www.mskyselovice.cz\/index.php\/wp-json\/wp\/v2\/media?parent=3737"}],"curies":[{"name":"wp","href":"https:\/\/api.w.org\/{rel}","templated":true}]}}