{"id":3690,"date":"2021-03-06T21:11:23","date_gmt":"2021-03-06T21:11:23","guid":{"rendered":"https:\/\/www.mskyselovice.cz\/?page_id=3690"},"modified":"2021-03-06T21:11:24","modified_gmt":"2021-03-06T21:11:24","slug":"pro-vsechny-deti-volame-slunicko","status":"publish","type":"page","link":"https:\/\/www.mskyselovice.cz\/index.php\/pro-vsechny-deti-volame-slunicko\/","title":{"rendered":"Pro v\u0161echny d\u011bti- vol\u00e1me slun\u00ed\u010dko"},"content":{"rendered":"\n<p>jarn\u00ed b\u00e1sni\u010dkou viz. obr\u00e1zek a video<\/p>\n\n\n\n<figure class=\"wp-block-image\"><img decoding=\"async\" src=\"https:\/\/www.mskyselovice.cz\/wp-content\/uploads\/2021\/03\/28eaa98f8de8ef9c59fc74f69f57081d.jpg\" alt=\"This image has an empty alt attribute; its file name is 28eaa98f8de8ef9c59fc74f69f57081d.jpg\"\/><\/figure>\n\n\n\n<figure class=\"wp-block-embed-youtube wp-block-embed is-type-video is-provider-youtube wp-embed-aspect-16-9 wp-has-aspect-ratio\"><div class=\"wp-block-embed__wrapper\">\n<iframe loading=\"lazy\"  id=\"_ytid_27723\"  width=\"550\" height=\"309\"  data-origwidth=\"550\" data-origheight=\"309\" src=\"https:\/\/www.youtube.com\/embed\/dcKGszU4jF8?enablejsapi=1&#038;autoplay=0&#038;cc_load_policy=0&#038;cc_lang_pref=&#038;iv_load_policy=1&#038;loop=0&#038;rel=1&#038;fs=1&#038;playsinline=0&#038;autohide=2&#038;theme=dark&#038;color=red&#038;controls=1&#038;disablekb=0&#038;\" class=\"__youtube_prefs__  epyt-is-override  no-lazyload\" title=\"YouTube player\"  allow=\"fullscreen; accelerometer; autoplay; clipboard-write; encrypted-media; gyroscope; picture-in-picture; web-share\" referrerpolicy=\"strict-origin-when-cross-origin\" allowfullscreen data-no-lazy=\"1\" data-skipgform_ajax_framebjll=\"\"><\/iframe>\n<\/div><\/figure>\n","protected":false},"excerpt":{"rendered":"<p>jarn\u00ed b\u00e1sni\u010dkou viz. obr\u00e1zek a video<\/p>\n","protected":false},"author":1,"featured_media":0,"parent":0,"menu_order":0,"comment_status":"closed","ping_status":"closed","template":"","meta":{"footnotes":""},"class_list":["post-3690","page","type-page","status-publish","hentry"],"_links":{"self":[{"href":"https:\/\/www.mskyselovice.cz\/index.php\/wp-json\/wp\/v2\/pages\/3690","targetHints":{"allow":["GET"]}}],"collection":[{"href":"https:\/\/www.mskyselovice.cz\/index.php\/wp-json\/wp\/v2\/pages"}],"about":[{"href":"https:\/\/www.mskyselovice.cz\/index.php\/wp-json\/wp\/v2\/types\/page"}],"author":[{"embeddable":true,"href":"https:\/\/www.mskyselovice.cz\/index.php\/wp-json\/wp\/v2\/users\/1"}],"replies":[{"embeddable":true,"href":"https:\/\/www.mskyselovice.cz\/index.php\/wp-json\/wp\/v2\/comments?post=3690"}],"version-history":[{"count":1,"href":"https:\/\/www.mskyselovice.cz\/index.php\/wp-json\/wp\/v2\/pages\/3690\/revisions"}],"predecessor-version":[{"id":3692,"href":"https:\/\/www.mskyselovice.cz\/index.php\/wp-json\/wp\/v2\/pages\/3690\/revisions\/3692"}],"wp:attachment":[{"href":"https:\/\/www.mskyselovice.cz\/index.php\/wp-json\/wp\/v2\/media?parent=3690"}],"curies":[{"name":"wp","href":"https:\/\/api.w.org\/{rel}","templated":true}]}}