{"id":3687,"date":"2021-03-06T21:10:24","date_gmt":"2021-03-06T21:10:24","guid":{"rendered":"https:\/\/www.mskyselovice.cz\/?page_id=3687"},"modified":"2021-03-06T21:12:39","modified_gmt":"2021-03-06T21:12:39","slug":"pro-vsechny-deti-jarni-tvoreni-snezenka","status":"publish","type":"page","link":"https:\/\/www.mskyselovice.cz\/index.php\/pro-vsechny-deti-jarni-tvoreni-snezenka\/","title":{"rendered":"Pro v\u0161echny d\u011bti &#8211; jarn\u00ed tvo\u0159en\u00ed (sn\u011b\u017eenka)"},"content":{"rendered":"\n<figure class=\"wp-block-image\"><img decoding=\"async\" src=\"https:\/\/www.mskyselovice.cz\/wp-content\/uploads\/2021\/03\/a5e453ab47e4a5a892807b0f2c0b7ff5.jpg\" alt=\"This image has an empty alt attribute; its file name is a5e453ab47e4a5a892807b0f2c0b7ff5.jpg\"\/><\/figure>\n\n\n\n<figure class=\"wp-block-image\"><img decoding=\"async\" src=\"https:\/\/www.mskyselovice.cz\/wp-content\/uploads\/2021\/03\/11f3ad1b3167622b411ac52136c733a0.jpg\" alt=\"This image has an empty alt attribute; its file name is 11f3ad1b3167622b411ac52136c733a0.jpg\"\/><\/figure>\n","protected":false},"excerpt":{"rendered":"","protected":false},"author":1,"featured_media":0,"parent":0,"menu_order":0,"comment_status":"closed","ping_status":"closed","template":"","meta":{"footnotes":""},"class_list":["post-3687","page","type-page","status-publish","hentry"],"_links":{"self":[{"href":"https:\/\/www.mskyselovice.cz\/index.php\/wp-json\/wp\/v2\/pages\/3687","targetHints":{"allow":["GET"]}}],"collection":[{"href":"https:\/\/www.mskyselovice.cz\/index.php\/wp-json\/wp\/v2\/pages"}],"about":[{"href":"https:\/\/www.mskyselovice.cz\/index.php\/wp-json\/wp\/v2\/types\/page"}],"author":[{"embeddable":true,"href":"https:\/\/www.mskyselovice.cz\/index.php\/wp-json\/wp\/v2\/users\/1"}],"replies":[{"embeddable":true,"href":"https:\/\/www.mskyselovice.cz\/index.php\/wp-json\/wp\/v2\/comments?post=3687"}],"version-history":[{"count":2,"href":"https:\/\/www.mskyselovice.cz\/index.php\/wp-json\/wp\/v2\/pages\/3687\/revisions"}],"predecessor-version":[{"id":3693,"href":"https:\/\/www.mskyselovice.cz\/index.php\/wp-json\/wp\/v2\/pages\/3687\/revisions\/3693"}],"wp:attachment":[{"href":"https:\/\/www.mskyselovice.cz\/index.php\/wp-json\/wp\/v2\/media?parent=3687"}],"curies":[{"name":"wp","href":"https:\/\/api.w.org\/{rel}","templated":true}]}}