{"id":3674,"date":"2021-03-06T21:00:17","date_gmt":"2021-03-06T21:00:17","guid":{"rendered":"https:\/\/www.mskyselovice.cz\/?page_id=3674"},"modified":"2021-03-06T21:00:17","modified_gmt":"2021-03-06T21:00:17","slug":"predskolaci-utery-2-3-2021","status":"publish","type":"page","link":"https:\/\/www.mskyselovice.cz\/index.php\/predskolaci-utery-2-3-2021\/","title":{"rendered":"P\u0159ed\u0161kol\u00e1ci- \u00fater\u00fd (2.3.2021)"},"content":{"rendered":"\n<p>P\u00edsanka str.5, pracovn\u00ed list vysok\u00fd\/n\u00edzk\u00fd viz.obr\u00e1zek<\/p>\n\n\n\n<figure class=\"wp-block-image\"><img decoding=\"async\" src=\"https:\/\/www.mskyselovice.cz\/wp-content\/uploads\/2021\/03\/de494e40ad188669805fc743c030e68d.jpg\" alt=\"This image has an empty alt attribute; its file name is de494e40ad188669805fc743c030e68d.jpg\"\/><\/figure>\n\n\n\n<p>Vyst\u0159ihni obr\u00e1zky a nalep kam pat\u0159\u00ed. Nakonec vymaluj.<\/p>\n","protected":false},"excerpt":{"rendered":"<p>P\u00edsanka str.5, pracovn\u00ed list vysok\u00fd\/n\u00edzk\u00fd viz.obr\u00e1zek Vyst\u0159ihni obr\u00e1zky a nalep kam pat\u0159\u00ed. Nakonec vymaluj.<\/p>\n","protected":false},"author":1,"featured_media":0,"parent":0,"menu_order":0,"comment_status":"closed","ping_status":"closed","template":"","meta":{"footnotes":""},"class_list":["post-3674","page","type-page","status-publish","hentry"],"_links":{"self":[{"href":"https:\/\/www.mskyselovice.cz\/index.php\/wp-json\/wp\/v2\/pages\/3674","targetHints":{"allow":["GET"]}}],"collection":[{"href":"https:\/\/www.mskyselovice.cz\/index.php\/wp-json\/wp\/v2\/pages"}],"about":[{"href":"https:\/\/www.mskyselovice.cz\/index.php\/wp-json\/wp\/v2\/types\/page"}],"author":[{"embeddable":true,"href":"https:\/\/www.mskyselovice.cz\/index.php\/wp-json\/wp\/v2\/users\/1"}],"replies":[{"embeddable":true,"href":"https:\/\/www.mskyselovice.cz\/index.php\/wp-json\/wp\/v2\/comments?post=3674"}],"version-history":[{"count":1,"href":"https:\/\/www.mskyselovice.cz\/index.php\/wp-json\/wp\/v2\/pages\/3674\/revisions"}],"predecessor-version":[{"id":3676,"href":"https:\/\/www.mskyselovice.cz\/index.php\/wp-json\/wp\/v2\/pages\/3674\/revisions\/3676"}],"wp:attachment":[{"href":"https:\/\/www.mskyselovice.cz\/index.php\/wp-json\/wp\/v2\/media?parent=3674"}],"curies":[{"name":"wp","href":"https:\/\/api.w.org\/{rel}","templated":true}]}}