{"id":2597,"date":"2019-03-20T05:30:00","date_gmt":"2019-03-20T05:30:00","guid":{"rendered":"http:\/\/www.mskyselovice.cz\/?page_id=2597"},"modified":"2026-02-20T10:48:37","modified_gmt":"2026-02-20T10:48:37","slug":"zadost-o-prijeti-2","status":"publish","type":"page","link":"https:\/\/www.mskyselovice.cz\/index.php\/zadost-o-prijeti-2\/","title":{"rendered":"\u017d\u00e1dost o p\u0159ijet\u00ed"},"content":{"rendered":"\n<p><a href=\"https:\/\/www.mskyselovice.cz\/wp-content\/uploads\/2026\/02\/zadost_o_prijeti_2026.pdf\">Stahnout dokument<\/a><\/p>\n\n\n<a href=\"https:\/\/www.mskyselovice.cz\/wp-content\/uploads\/2026\/02\/zadost_o_prijeti_2026.pdf\" class=\"pdfemb-viewer\" style=\"width:600px;height:850px;\" data-width=\"600\" data-height=\"850\" data-toolbar=\"bottom\" data-toolbar-fixed=\"off\">zadost_o_prijeti_2026<\/a>","protected":false},"excerpt":{"rendered":"<p>Stahnout dokument<\/p>\n","protected":false},"author":1,"featured_media":0,"parent":0,"menu_order":0,"comment_status":"closed","ping_status":"closed","template":"","meta":{"footnotes":""},"class_list":["post-2597","page","type-page","status-publish","hentry"],"_links":{"self":[{"href":"https:\/\/www.mskyselovice.cz\/index.php\/wp-json\/wp\/v2\/pages\/2597","targetHints":{"allow":["GET"]}}],"collection":[{"href":"https:\/\/www.mskyselovice.cz\/index.php\/wp-json\/wp\/v2\/pages"}],"about":[{"href":"https:\/\/www.mskyselovice.cz\/index.php\/wp-json\/wp\/v2\/types\/page"}],"author":[{"embeddable":true,"href":"https:\/\/www.mskyselovice.cz\/index.php\/wp-json\/wp\/v2\/users\/1"}],"replies":[{"embeddable":true,"href":"https:\/\/www.mskyselovice.cz\/index.php\/wp-json\/wp\/v2\/comments?post=2597"}],"version-history":[{"count":18,"href":"https:\/\/www.mskyselovice.cz\/index.php\/wp-json\/wp\/v2\/pages\/2597\/revisions"}],"predecessor-version":[{"id":6025,"href":"https:\/\/www.mskyselovice.cz\/index.php\/wp-json\/wp\/v2\/pages\/2597\/revisions\/6025"}],"wp:attachment":[{"href":"https:\/\/www.mskyselovice.cz\/index.php\/wp-json\/wp\/v2\/media?parent=2597"}],"curies":[{"name":"wp","href":"https:\/\/api.w.org\/{rel}","templated":true}]}}