{"id":199,"date":"2016-08-31T08:50:27","date_gmt":"2016-08-31T08:50:27","guid":{"rendered":"http:\/\/radimambroz.cz\/?page_id=199"},"modified":"2025-09-24T10:55:15","modified_gmt":"2025-09-24T10:55:15","slug":"kontakt","status":"publish","type":"page","link":"https:\/\/www.mskyselovice.cz\/index.php\/kontakt\/","title":{"rendered":"Kontakt"},"content":{"rendered":"<p>\u00a0<\/p>\n<table>\n<tbody>\n<tr>\n<td><strong>Adresa: <\/strong>\u00a0<\/td>\n<td><strong>I\u010cO: <\/strong>\u00a0<\/td>\n<td><strong>Telefon: <\/strong>\u00a0<\/td>\n<td><strong>Email: <\/strong>\u00a0<\/td>\n<\/tr>\n<tr>\n<td>Mate\u0159sk\u00e1 \u0161kola, Kyselovice<\/td>\n<td>75024071 \u00a0<\/td>\n<td>\u00a0 +420 576 130 843-2 \u00a0<\/td>\n<td>\u00a0reditel@mskyselovice.cz \u00a0<\/td>\n<\/tr>\n<tr>\n<td>okres Krom\u011b\u0159\u00ed\u017e<\/td>\n<td><strong>Webov\u00e9 str\u00e1nky <\/strong>\u00a0<\/td>\n<td>\u00a0<strong> Mobil: <\/strong> \u00a0<\/td>\n<td>\u00a0<strong> Str\u00e1nky obce: <\/strong> \u00a0<\/td>\n<\/tr>\n<tr>\n<td>768 11<\/td>\n<td>www.mskyselovice.cz \u00a0<\/td>\n<td>\u00a0\u00a0+420 602 760 236 \u00a0<\/td>\n<td>\n<p>\u00a0\u00a0http:\/\/www.obec-kyselovice.cz\/\u00a0<\/p>\n<\/td>\n<\/tr>\n<\/tbody>\n<\/table>\n<table>\n<tbody>\n<tr>\n<td colspan=\"2\">\n<p><strong>Ostatn\u00ed kontakty <\/strong><\/p>\n<\/td>\n<\/tr>\n<tr>\n<td>Pove\u0159enec GDPR<\/td>\n<td>JUDr. Ing et Ing Roman Ondr\u00fdsek PhD.MBA Mob: 733281378<\/td>\n<\/tr>\n<tr>\n<td>Vedouc\u00ed \u0161koln\u00ed j\u00eddelny M\u0160 Z\u00e1\u0159\u00ed\u010d\u00ed<\/td>\n<td>p. Bc. Jana Vyrob\u00edkov\u00e1, telefon 573\u00a0355\u00a0136<\/td>\n<\/tr>\n<\/tbody>\n<\/table>\n<table>\n<tbody>\n<tr>\n<td colspan=\"2\">\n<p><strong>Person\u00e1ln\u00ed obsazen\u00ed mate\u0159sk\u00e9 \u0161koly <\/strong><\/p>\n<\/td>\n<\/tr>\n<tr>\n<td>\u0158editelka<\/td>\n<td>Mgr. Renata Ambro\u017eov\u00e1<\/td>\n<\/tr>\n<tr>\n<td>U\u010ditelka<\/td>\n<td><span lang=\"CS\">Zuzana K\u0159i\u017ekov\u00e1<\/span><\/td>\n<\/tr>\n<tr>\n<td>U\u010ditelka<\/td>\n<td>Kl\u00e1ra Pt\u00e1\u010dkov\u00e1<\/td>\n<\/tr>\n<tr>\n<td>U\u010ditelka<\/td>\n<td>S\u00e1ra Pol\u00e1\u0161kov\u00e1<\/td>\n<\/tr>\n<tr>\n<td><span lang=\"CS\">Asistent pedagoga <\/span><\/td>\n<td>Jana Navr\u00e1tilov\u00e1<\/td>\n<\/tr>\n<tr>\n<td>Asistent pedagoga<\/td>\n<td><span lang=\"CS\">Bc. Martina Ostr\u010dilov\u00e1<\/span><\/td>\n<\/tr>\n<tr>\n<td><span lang=\"CS\">\u0160koln\u00ed asistent \/ \u00faklid <\/span><\/td>\n<td><span lang=\"CS\">Michaela Zdr\u00e1halov\u00e1<\/span><\/td>\n<\/tr>\n<tr>\n<td><span lang=\"CS\">\u0160kolnice\/v\u00fddej <\/span><\/td>\n<td>Ivana \u0158\u00edkovsk\u00e1<\/td>\n<\/tr>\n<\/tbody>\n<\/table>\n<table>\n<tbody>\n<tr>\n<td colspan=\"2\">\n<p><strong>Provozn\u00ed doba<\/strong><\/p>\n<\/td>\n<\/tr>\n<tr>\n<td>Pond\u011bl\u00ed:<\/td>\n<td>6:30 &#8211; 16:00<\/td>\n<\/tr>\n<tr>\n<td>\u00dater\u00fd:<\/td>\n<td>6:30 &#8211; 16:00<\/td>\n<\/tr>\n<tr>\n<td>St\u0159eda:<\/td>\n<td>6:30 &#8211; 16:00<\/td>\n<\/tr>\n<tr>\n<td>\u010ctvrtek:<\/td>\n<td>6:30 &#8211; 16:00<\/td>\n<\/tr>\n<tr>\n<td>P\u00e1tek:<\/td>\n<td>6:30 &#8211; 16:00<\/td>\n<\/tr>\n<\/tbody>\n<\/table>\n<div id=\"wpgmza_map\" class=\"wpgmza_map\" data-settings='{\"id\":\"1\",\"map_title\":\"Poloha\",\"map_width\":\"100\",\"map_height\":\"400\",\"map_start_lat\":\"49.356091\",\"map_start_lng\":\"17.514962\",\"map_start_location\":\"49.35609080806731,17.51496199999997\",\"map_start_zoom\":\"10\",\"default_marker\":\"0\",\"type\":\"1\",\"alignment\":\"2\",\"directions_enabled\":\"1\",\"styling_enabled\":\"0\",\"styling_json\":\"\",\"active\":\"0\",\"kml\":\"\",\"bicycle\":\"1\",\"traffic\":\"1\",\"dbox\":\"1\",\"dbox_width\":\"100\",\"listmarkers\":\"0\",\"listmarkers_advanced\":\"0\",\"filterbycat\":\"0\",\"ugm_enabled\":\"0\",\"ugm_category_enabled\":\"0\",\"fusion\":\"\",\"map_width_type\":\"\\\\%\",\"map_height_type\":\"px\",\"mass_marker_support\":\"1\",\"ugm_access\":\"0\",\"order_markers_by\":\"1\",\"order_markers_choice\":\"2\",\"show_user_location\":\"0\",\"default_to\":\"\",\"other_settings\":{\"store_locator_enabled\":2,\"store_locator_distance\":2,\"store_locator_bounce\":2,\"store_locator_query_string\":\"ZIP \\\/ Address:\",\"wpgmza_store_locator_restrict\":\"cz\",\"map_max_zoom\":\"4\",\"transport_layer\":1,\"wpgmza_theme_data\":\"[ \\\\\\\"visibility\\\\\\\", \\\\\\\"invert_lightness\\\\\\\", \\\\\\\"color\\\\\\\", \\\\\\\"weight\\\\\\\", \\\\\\\"hue\\\\\\\", \\\\\\\"saturation\\\\\\\", \\\\\\\"lightness\\\\\\\", \\\\\\\"gamma\\\\\\\"]\",\"wpgmza_theme_selection\":0}}' data-map-id='1' Data-maps-engine='google-maps' data-shortcode-attributes='{\"id\":\"1\"}' style=\"display:block; overflow:auto; width:100%; height:400px; float:left;\"><\/div>\n\n\n<p><\/p>\n","protected":false},"excerpt":{"rendered":"<p>\u00a0 Adresa: \u00a0 I\u010cO: \u00a0 Telefon: \u00a0 Email: \u00a0 Mate\u0159sk\u00e1 \u0161kola, Kyselovice 75024071 \u00a0 \u00a0 +420 576 130 843-2 \u00a0 \u00a0reditel@mskyselovice.cz \u00a0 okres Krom\u011b\u0159\u00ed\u017e Webov\u00e9 str\u00e1nky \u00a0 \u00a0 Mobil: \u00a0 \u00a0 Str\u00e1nky obce: \u00a0 768 11 www.mskyselovice.cz \u00a0 \u00a0\u00a0+420 602 760 236 \u00a0 \u00a0\u00a0http:\/\/www.obec-kyselovice.cz\/\u00a0 Ostatn\u00ed kontakty Pove\u0159enec GDPR JUDr. Ing et Ing Roman Ondr\u00fdsek PhD.MBA<\/p>\n","protected":false},"author":1,"featured_media":0,"parent":0,"menu_order":0,"comment_status":"closed","ping_status":"closed","template":"","meta":{"footnotes":""},"class_list":["post-199","page","type-page","status-publish","hentry"],"_links":{"self":[{"href":"https:\/\/www.mskyselovice.cz\/index.php\/wp-json\/wp\/v2\/pages\/199","targetHints":{"allow":["GET"]}}],"collection":[{"href":"https:\/\/www.mskyselovice.cz\/index.php\/wp-json\/wp\/v2\/pages"}],"about":[{"href":"https:\/\/www.mskyselovice.cz\/index.php\/wp-json\/wp\/v2\/types\/page"}],"author":[{"embeddable":true,"href":"https:\/\/www.mskyselovice.cz\/index.php\/wp-json\/wp\/v2\/users\/1"}],"replies":[{"embeddable":true,"href":"https:\/\/www.mskyselovice.cz\/index.php\/wp-json\/wp\/v2\/comments?post=199"}],"version-history":[{"count":33,"href":"https:\/\/www.mskyselovice.cz\/index.php\/wp-json\/wp\/v2\/pages\/199\/revisions"}],"predecessor-version":[{"id":5920,"href":"https:\/\/www.mskyselovice.cz\/index.php\/wp-json\/wp\/v2\/pages\/199\/revisions\/5920"}],"wp:attachment":[{"href":"https:\/\/www.mskyselovice.cz\/index.php\/wp-json\/wp\/v2\/media?parent=199"}],"curies":[{"name":"wp","href":"https:\/\/api.w.org\/{rel}","templated":true}]}}