{"id":1950,"date":"2018-05-22T06:44:10","date_gmt":"2018-05-22T06:44:10","guid":{"rendered":"http:\/\/www.mskyselovice.cz\/?page_id=1950"},"modified":"2024-10-12T14:00:09","modified_gmt":"2024-10-12T14:00:09","slug":"gdpr","status":"publish","type":"page","link":"https:\/\/www.mskyselovice.cz\/index.php\/gdpr\/","title":{"rendered":"GDPR"},"content":{"rendered":"<a href=\"https:\/\/www.mskyselovice.cz\/wp-content\/uploads\/2024\/10\/2024-MS-Kyselovice-Zasady-zp-racov\u00e1n\u00ed-osobn\u00edch-\u00fadaj\u016f.pdf\" class=\"pdfemb-viewer\" style=\"\" data-width=\"max\" data-height=\"max\" data-toolbar=\"bottom\" data-toolbar-fixed=\"off\">2024-MS-Kyselovice-Zasady-zp-racov\u00e1n\u00ed-osobn\u00edch-\u00fadaj\u016f<\/a>\n<p class=\"wp-block-pdfemb-pdf-embedder-viewer\"><\/p>\n\n\n<a href=\"https:\/\/www.mskyselovice.cz\/wp-content\/uploads\/2024\/04\/GDPR_2_2024.pdf\" class=\"pdfemb-viewer\" style=\"\" data-width=\"max\" data-height=\"max\" data-toolbar=\"bottom\" data-toolbar-fixed=\"off\">GDPR_2_2024<\/a>\n<p class=\"wp-block-pdfemb-pdf-embedder-viewer\"><\/p>\n","protected":false},"excerpt":{"rendered":"","protected":false},"author":1,"featured_media":0,"parent":0,"menu_order":0,"comment_status":"closed","ping_status":"closed","template":"","meta":{"footnotes":""},"class_list":["post-1950","page","type-page","status-publish","hentry"],"_links":{"self":[{"href":"https:\/\/www.mskyselovice.cz\/index.php\/wp-json\/wp\/v2\/pages\/1950","targetHints":{"allow":["GET"]}}],"collection":[{"href":"https:\/\/www.mskyselovice.cz\/index.php\/wp-json\/wp\/v2\/pages"}],"about":[{"href":"https:\/\/www.mskyselovice.cz\/index.php\/wp-json\/wp\/v2\/types\/page"}],"author":[{"embeddable":true,"href":"https:\/\/www.mskyselovice.cz\/index.php\/wp-json\/wp\/v2\/users\/1"}],"replies":[{"embeddable":true,"href":"https:\/\/www.mskyselovice.cz\/index.php\/wp-json\/wp\/v2\/comments?post=1950"}],"version-history":[{"count":5,"href":"https:\/\/www.mskyselovice.cz\/index.php\/wp-json\/wp\/v2\/pages\/1950\/revisions"}],"predecessor-version":[{"id":5619,"href":"https:\/\/www.mskyselovice.cz\/index.php\/wp-json\/wp\/v2\/pages\/1950\/revisions\/5619"}],"wp:attachment":[{"href":"https:\/\/www.mskyselovice.cz\/index.php\/wp-json\/wp\/v2\/media?parent=1950"}],"curies":[{"name":"wp","href":"https:\/\/api.w.org\/{rel}","templated":true}]}}