{"id":154,"date":"2016-06-28T11:18:30","date_gmt":"2016-06-28T11:18:30","guid":{"rendered":"http:\/\/93.93.35.155\/?page_id=154"},"modified":"2025-09-24T11:00:37","modified_gmt":"2025-09-24T11:00:37","slug":"zivotopis","status":"publish","type":"page","link":"https:\/\/www.mskyselovice.cz\/index.php\/zivotopis\/","title":{"rendered":"O N\u00e1s"},"content":{"rendered":"\n<div class=\"wp-block-group\"><div class=\"wp-block-group__inner-container is-layout-flow wp-block-group-is-layout-flow\">\n<div style=\"text-align: justify;\">\n<h1 style=\"font-weight: 400;\"><strong>Na\u0161e \u0161kola<\/strong><\/h1>\n<p style=\"font-weight: 400;\">&nbsp;&nbsp;&nbsp;&nbsp;&nbsp;&nbsp;&nbsp;&nbsp;&nbsp;&nbsp;&nbsp;&nbsp;&nbsp;&nbsp;&nbsp;Mate\u0159sk\u00e1 \u0161kola se nach\u00e1z\u00ed v klidn\u00e9m, ni\u010d\u00edm neru\u0161en\u00e9m prost\u0159ed\u00ed. Sk\u00fdt\u00e1 mnoho mo\u017enost\u00ed pobytu d\u011bt\u00ed v p\u0159\u00edrod\u011b. Budova od sv\u00e9ho zalo\u017een\u00ed v roce 1965, kdy byla vystav\u011bna sv\u00e9pomoc\u00ed, poskytuje p\u0159ed\u0161koln\u00ed vzd\u011bl\u00e1v\u00e1n\u00ed d\u011btem ve v\u011bku od 2 do 7 let. &nbsp;&nbsp;Od \u0161koln\u00edho roku 2024\/2025 je mate\u0159sk\u00e1 \u0161kola dvout\u0159\u00eddn\u00ed s celodenn\u00edm provozem s kapacitou 40 d\u011bt\u00ed. \u0160kola je vybavena kvalitn\u00edm modern\u00edm n\u00e1bytkem i didaktick\u00fdmi pom\u016fckami. P\u0159ednost\u00ed je velk\u00fd prostor, jednotliv\u00e9 \u010dlen\u011bn\u00ed m\u00edstnost\u00ed, kter\u00e9 se v budov\u011b nach\u00e1z\u00ed. P\u0159ilehl\u00e1 zahrada poskytuje d\u011btem dostatek mo\u017enost\u00ed ke zdrav\u00e9mu pohybu i pobytu na \u010derstv\u00e9m vzduchu. Je vybavena p\u00edskovi\u0161t\u011bm pod ztepil\u00fdmi javory, kter\u00e9 vytv\u00e1\u0159\u00ed st\u00edn v dob\u011b hork\u00fdch dn\u00ed. Pyramida, barevn\u00e1 ma\u0161inka, pr\u016flezky, p\u00edskovi\u0161t\u011b, ter\u00e9nn\u00ed vlna, koloto\u010d a skluzavka s horolezeckou st\u011bnou jsou sou\u010d\u00e1st\u00ed vybaven\u00ed zahrady. V zadn\u00ed \u010d\u00e1sti je um\u00edst\u011bn\u00e9 ohni\u0161t\u011b s posezen\u00edm, vyu\u017e\u00edvan\u00e9 d\u011btmi i rodi\u010di p\u0159i spole\u010dn\u00fdch setk\u00e1n\u00edch.<\/p>\n<figure><img loading=\"lazy\" decoding=\"async\" class=\"size-large wp-image-5533 aligncenter\" src=\"https:\/\/www.mskyselovice.cz\/wp-content\/uploads\/2024\/09\/WhatsApp-Image-2024-09-01-at-15.40.02-1024x798.jpeg\" alt=\"\" width=\"800\" height=\"429\"><\/figure><p><\/p>\n<figure><img loading=\"lazy\" decoding=\"async\" class=\"size-large wp-image-5527 alignleft\" src=\"https:\/\/www.mskyselovice.cz\/wp-content\/uploads\/2024\/09\/IMG_0924-1024x768.jpeg\" alt=\"\" width=\"550\" height=\"413\" srcset=\"https:\/\/www.mskyselovice.cz\/wp-content\/uploads\/2024\/09\/IMG_0924-1024x768.jpeg 1024w, https:\/\/www.mskyselovice.cz\/wp-content\/uploads\/2024\/09\/IMG_0924-300x225.jpeg 300w, https:\/\/www.mskyselovice.cz\/wp-content\/uploads\/2024\/09\/IMG_0924-768x576.jpeg 768w, https:\/\/www.mskyselovice.cz\/wp-content\/uploads\/2024\/09\/IMG_0924-1536x1152.jpeg 1536w, https:\/\/www.mskyselovice.cz\/wp-content\/uploads\/2024\/09\/IMG_0924-2048x1536.jpeg 2048w\" sizes=\"auto, (max-width: 550px) 100vw, 550px\" \/><\/figure><p><\/p>\n<figure><img loading=\"lazy\" decoding=\"async\" class=\"wp-image-5525 size-large alignright\" src=\"https:\/\/www.mskyselovice.cz\/wp-content\/uploads\/2024\/09\/IMG_0933-1024x768.jpeg\" alt=\"\" width=\"550\" height=\"413\" srcset=\"https:\/\/www.mskyselovice.cz\/wp-content\/uploads\/2024\/09\/IMG_0933-1024x768.jpeg 1024w, https:\/\/www.mskyselovice.cz\/wp-content\/uploads\/2024\/09\/IMG_0933-300x225.jpeg 300w, https:\/\/www.mskyselovice.cz\/wp-content\/uploads\/2024\/09\/IMG_0933-768x576.jpeg 768w, https:\/\/www.mskyselovice.cz\/wp-content\/uploads\/2024\/09\/IMG_0933-1536x1152.jpeg 1536w, https:\/\/www.mskyselovice.cz\/wp-content\/uploads\/2024\/09\/IMG_0933-2048x1536.jpeg 2048w\" sizes=\"auto, (max-width: 550px) 100vw, 550px\" \/><\/figure><p><\/p>\n<p style=\"font-weight: 400;\">&nbsp;&nbsp;&nbsp;&nbsp;&nbsp;&nbsp;&nbsp;&nbsp;&nbsp;&nbsp;&nbsp;&nbsp;&nbsp;&nbsp;&nbsp; Prvn\u00ed odd\u011blen\u00ed, kde doch\u00e1z\u00ed d\u011bti star\u0161\u00ed ve v\u011bku 7- 4let a jejich\u017e c\u00edlem je p\u0159ipravit se na vstup do z\u00e1kladn\u00ed \u0161koly, m\u00e1 k dispozici samostatnou j\u00eddelnu, velkou t\u0159\u00eddu a lo\u017enici, kter\u00e1 v dopoledn\u00edch hodin\u00e1ch slou\u017e\u00ed i jako t\u011blocvi\u010dna. Nov\u011b zrekonstruovan\u00e1 um\u00fdv\u00e1rna a WC (mu\u0161le pro chlapce, bezdotykov\u00e9 baterie), v\u010detn\u011b sprchy odpov\u00eddaj\u00ed hygienick\u00fdm norm\u00e1m pro p\u0159ed\u0161koln\u00ed vzd\u011bl\u00e1v\u00e1n\u00ed. Po p\u0159\u00edchodu si sv\u00e9 v\u011bci d\u011bti ulo\u017e\u00ed v d\u011btsk\u00e9 \u0161atn\u011b. Ka\u017ed\u00e9 d\u00edt\u011b m\u00e1 svou uzav\u0159enou sk\u0159\u00ed\u0148ku a botn\u00edk. Vybaven\u00e1 v\u00fddejna stravy slou\u017e\u00ed pro ob\u011b odd\u011blen\u00ed. Strava je dov\u00e1\u017eena ze \u0161koln\u00ed j\u00eddelny M\u0160 Z\u00e1\u0159\u00ed\u010d\u00ed.<\/p>\n<figure><img loading=\"lazy\" decoding=\"async\" class=\"size-large wp-image-5526 alignleft\" src=\"https:\/\/www.mskyselovice.cz\/wp-content\/uploads\/2024\/09\/IMG_0914-1024x768.jpeg\" alt=\"\" width=\"550\" height=\"413\" srcset=\"https:\/\/www.mskyselovice.cz\/wp-content\/uploads\/2024\/09\/IMG_0914-1024x768.jpeg 1024w, https:\/\/www.mskyselovice.cz\/wp-content\/uploads\/2024\/09\/IMG_0914-300x225.jpeg 300w, https:\/\/www.mskyselovice.cz\/wp-content\/uploads\/2024\/09\/IMG_0914-768x576.jpeg 768w, https:\/\/www.mskyselovice.cz\/wp-content\/uploads\/2024\/09\/IMG_0914-1536x1152.jpeg 1536w, https:\/\/www.mskyselovice.cz\/wp-content\/uploads\/2024\/09\/IMG_0914-2048x1536.jpeg 2048w\" sizes=\"auto, (max-width: 550px) 100vw, 550px\" \/><\/figure><p><\/p>\n<p>&nbsp;<\/p>\n<figure><img loading=\"lazy\" decoding=\"async\" class=\"size-large wp-image-5532 alignright\" src=\"https:\/\/www.mskyselovice.cz\/wp-content\/uploads\/2024\/09\/WhatsApp-Image-2024-09-01-at-15.38.37-768x1024.jpeg\" alt=\"\" width=\"550\" height=\"733\" srcset=\"https:\/\/www.mskyselovice.cz\/wp-content\/uploads\/2024\/09\/WhatsApp-Image-2024-09-01-at-15.38.37-768x1024.jpeg 768w, https:\/\/www.mskyselovice.cz\/wp-content\/uploads\/2024\/09\/WhatsApp-Image-2024-09-01-at-15.38.37-225x300.jpeg 225w, https:\/\/www.mskyselovice.cz\/wp-content\/uploads\/2024\/09\/WhatsApp-Image-2024-09-01-at-15.38.37-1152x1536.jpeg 1152w, https:\/\/www.mskyselovice.cz\/wp-content\/uploads\/2024\/09\/WhatsApp-Image-2024-09-01-at-15.38.37.jpeg 1200w\" sizes=\"auto, (max-width: 550px) 100vw, 550px\" \/><\/figure><p style=\"font-weight: 400; text-align: justify;\">&nbsp;&nbsp;&nbsp;&nbsp;&nbsp;&nbsp;&nbsp;&nbsp;&nbsp;&nbsp;&nbsp;Druh\u00e9 odd\u011blen\u00ed, kter\u00e9 je sv\u00fdm vybaven\u00edm a prostorem p\u0159izp\u016fsoben\u00e9 d\u011btem ve v\u011bku 4\u20132 let. M\u00e1 velkou t\u0159\u00eddu, ve kter\u00e9 se d\u011bti vzd\u011bl\u00e1vaj\u00ed, stravuj\u00ed i odpo\u010d\u00edvaj\u00ed. D\u016fraz se klade na postupnou adaptaci a sebeobsluhu, d\u011btem je poskytnut\u00fd dostatek \u010dasu a dopomoci. Odd\u011blen\u00ed m\u00e1 svou koupelnu, WC, sprchu, d\u011btskou \u0161atnu, ve kter\u00e9 m\u00e1 ka\u017ed\u00e9 d\u00edt\u011b svou sk\u0159\u00ednku, a botn\u00edk. V\u0161e je vybaveno modern\u00edm ergonomicky vhodn\u00fdm n\u00e1bytkem. Ned\u00edlnou sou\u010d\u00e1st\u00ed jsou didaktick\u00e9 pom\u016fcky, m\u00e1me i digit\u00e1ln\u00ed pom\u016fcky (Sweetbox, iPady\u2026). Ve\u0161ker\u00e9 vybaven\u00ed, v\u010detn\u011b hra\u010dek, pom\u016fcek je um\u00edst\u011bno tak, aby si je mohly d\u011bti samy vz\u00edt a op\u011bt ulo\u017eit. Odpov\u00eddaj\u00ed hygienick\u00fdm norm\u00e1m a jsou bezpe\u010dn\u00e9. Mno\u017estv\u00ed se podle pot\u0159eby pr\u016fb\u011b\u017en\u011b dopl\u0148uje. D\u011bti se samy pod\u00edlej\u00ed se sv\u00fdmi v\u00fdrobky a v\u00fdtvarn\u00fdmi pracemi na v\u00fdzdob\u011b interi\u00e9ru mate\u0159sk\u00e9 \u0161koly. Jejich pr\u00e1ce jsou p\u0159\u00edstupn\u00e9 rodi\u010d\u016fm. V\u0161echny vnit\u0159n\u00ed i venkovn\u00ed prostory M\u0160 spl\u0148uj\u00ed bezpe\u010dnostn\u00ed i hygienick\u00e9 normy dle platn\u00fdch p\u0159edpis\u016f t\u00fdkaj\u00edc\u00edch se \u010distoty, teploty, vlhkosti vzduchu, osv\u011btlen\u00ed, hlu\u010dnosti apod.<\/p>\n<\/div>\n<\/div><\/div>\n\n\n\n<div style=\"text-align: justify;\">\n<p style=\"font-weight: 400;\">&nbsp;&nbsp;&nbsp;&nbsp;&nbsp;&nbsp;&nbsp;&nbsp;&nbsp;&nbsp;&nbsp;&nbsp;&nbsp;&nbsp;&nbsp;\u0160koln\u00ed vzd\u011bl\u00e1vac\u00ed program s&nbsp;n\u00e1zvem <strong>\u201eKrok za krokem se \u0160t\u00edstkem\u201c<\/strong> seznamuje d\u011bti s&nbsp;okoln\u00edm sv\u011btem, tradicemi a zvyky b\u011bhem cel\u00e9ho roku. D\u016fraz klademe na pro\u017eitkov\u00e9 u\u010den\u00ed, vlastn\u00ed aktivitu d\u011bt\u00ed i experimenty. D\u011bti se u\u010d\u00ed spolupr\u00e1ci, odpov\u011bdnosti a samostatnosti. Podporujeme u nich pot\u0159ebu pozn\u00e1vat a schopnost vzd\u011bl\u00e1vat se. Vedeme d\u011bti k&nbsp;zdrav\u00e9mu \u017eivotn\u00edmu stylu. Do v\u00fdchovn\u011b vzd\u011bl\u00e1vac\u00edho programu pravideln\u011b za\u0159azujeme sportovn\u00ed (plav\u00e1n\u00ed), kulturn\u00ed (divadla, v\u00fdstavy), spole\u010densk\u00e9 akce s&nbsp;rodi\u010di i pro ve\u0159ejnost (Den pro seniory, Den matek a dal\u0161\u00ed). Na\u0161\u00ed p\u0159ednost\u00ed je pravideln\u00fd v\u00edcedenn\u00ed v\u00fdlet do p\u0159\u00edrody pro star\u0161\u00ed d\u011bti.<\/p>\n<p style=\"font-weight: 400;\">&nbsp;&nbsp;&nbsp;&nbsp;&nbsp;&nbsp;&nbsp;&nbsp;&nbsp;&nbsp;&nbsp; Na\u0161e \u0161kola pro\u0161la velk\u00fdmi zm\u011bnami a je p\u0159ipravena poskytnout d\u011btem tu nejlep\u0161\u00ed p\u00e9\u010di a vzd\u011bl\u00e1v\u00e1n\u00ed.<\/p>\n<p style=\"font-weight: 400;\">&nbsp;&nbsp;&nbsp;&nbsp;&nbsp;&nbsp;&nbsp;&nbsp;&nbsp;&nbsp;&nbsp;&nbsp;&nbsp;&nbsp;&nbsp;Sna\u017e\u00edme se vytv\u00e1\u0159et harmonick\u00e9 inspirativn\u00ed prost\u0159ed\u00ed, ve kter\u00e9m vl\u00e1dne radost, klid, pohoda. D\u011bti se zde c\u00edt\u00ed bezpe\u010dn\u011b.<\/p>\n<h3 style=\"font-weight: 400; text-align: left;\"><strong> \u0158\u00edd\u00edme se heslem: \u201eSrdce pln\u00e9 radosti.\u201c Spokojenost d\u011bt\u00ed, rodi\u010d\u016f i zam\u011bstnanc\u016f je na\u0161\u00edm hlavn\u00edm c\u00edlem!<\/strong><\/h3>\n<\/div>\n\n\n\n<!--more-->\n\n\n\n<div style=\"text-align: justify;\">\n<p><span style=\"font-size: inherit;\"><h4>Poloha na\u0161\u00ed M\u0160<\/h4><\/span><\/p>\n<\/div>\n\n\n<div id=\"wpgmza_map\" class=\"wpgmza_map\" data-settings='{\"id\":\"1\",\"map_title\":\"Poloha\",\"map_width\":\"100\",\"map_height\":\"400\",\"map_start_lat\":\"49.356091\",\"map_start_lng\":\"17.514962\",\"map_start_location\":\"49.35609080806731,17.51496199999997\",\"map_start_zoom\":\"10\",\"default_marker\":\"0\",\"type\":\"1\",\"alignment\":\"2\",\"directions_enabled\":\"1\",\"styling_enabled\":\"0\",\"styling_json\":\"\",\"active\":\"0\",\"kml\":\"\",\"bicycle\":\"1\",\"traffic\":\"1\",\"dbox\":\"1\",\"dbox_width\":\"100\",\"listmarkers\":\"0\",\"listmarkers_advanced\":\"0\",\"filterbycat\":\"0\",\"ugm_enabled\":\"0\",\"ugm_category_enabled\":\"0\",\"fusion\":\"\",\"map_width_type\":\"\\\\%\",\"map_height_type\":\"px\",\"mass_marker_support\":\"1\",\"ugm_access\":\"0\",\"order_markers_by\":\"1\",\"order_markers_choice\":\"2\",\"show_user_location\":\"0\",\"default_to\":\"\",\"other_settings\":{\"store_locator_enabled\":2,\"store_locator_distance\":2,\"store_locator_bounce\":2,\"store_locator_query_string\":\"ZIP \\\/ Address:\",\"wpgmza_store_locator_restrict\":\"cz\",\"map_max_zoom\":\"4\",\"transport_layer\":1,\"wpgmza_theme_data\":\"[ \\\\\\\"visibility\\\\\\\", \\\\\\\"invert_lightness\\\\\\\", \\\\\\\"color\\\\\\\", \\\\\\\"weight\\\\\\\", \\\\\\\"hue\\\\\\\", \\\\\\\"saturation\\\\\\\", \\\\\\\"lightness\\\\\\\", \\\\\\\"gamma\\\\\\\"]\",\"wpgmza_theme_selection\":0}}' data-map-id='1' Data-maps-engine='google-maps' data-shortcode-attributes='{\"id\":\"1\"}' style=\"display:block; overflow:auto; width:100%; height:400px; float:left;\"><\/div>\n","protected":false},"excerpt":{"rendered":"<p>Na\u0161e \u0161kola &nbsp;&nbsp;&nbsp;&nbsp;&nbsp;&nbsp;&nbsp;&nbsp;&nbsp;&nbsp;&nbsp;&nbsp;&nbsp;&nbsp;&nbsp;Mate\u0159sk\u00e1 \u0161kola se nach\u00e1z\u00ed v klidn\u00e9m, ni\u010d\u00edm neru\u0161en\u00e9m prost\u0159ed\u00ed. Sk\u00fdt\u00e1 mnoho mo\u017enost\u00ed pobytu d\u011bt\u00ed v p\u0159\u00edrod\u011b. Budova od sv\u00e9ho zalo\u017een\u00ed v roce 1965, kdy byla vystav\u011bna sv\u00e9pomoc\u00ed, poskytuje p\u0159ed\u0161koln\u00ed vzd\u011bl\u00e1v\u00e1n\u00ed d\u011btem ve v\u011bku od 2 do 7 let. &nbsp;&nbsp;Od \u0161koln\u00edho roku 2024\/2025 je mate\u0159sk\u00e1 \u0161kola dvout\u0159\u00eddn\u00ed s celodenn\u00edm provozem s kapacitou 40 d\u011bt\u00ed.<\/p>\n","protected":false},"author":1,"featured_media":0,"parent":0,"menu_order":0,"comment_status":"closed","ping_status":"closed","template":"","meta":{"footnotes":""},"class_list":["post-154","page","type-page","status-publish","hentry"],"_links":{"self":[{"href":"https:\/\/www.mskyselovice.cz\/index.php\/wp-json\/wp\/v2\/pages\/154","targetHints":{"allow":["GET"]}}],"collection":[{"href":"https:\/\/www.mskyselovice.cz\/index.php\/wp-json\/wp\/v2\/pages"}],"about":[{"href":"https:\/\/www.mskyselovice.cz\/index.php\/wp-json\/wp\/v2\/types\/page"}],"author":[{"embeddable":true,"href":"https:\/\/www.mskyselovice.cz\/index.php\/wp-json\/wp\/v2\/users\/1"}],"replies":[{"embeddable":true,"href":"https:\/\/www.mskyselovice.cz\/index.php\/wp-json\/wp\/v2\/comments?post=154"}],"version-history":[{"count":27,"href":"https:\/\/www.mskyselovice.cz\/index.php\/wp-json\/wp\/v2\/pages\/154\/revisions"}],"predecessor-version":[{"id":5921,"href":"https:\/\/www.mskyselovice.cz\/index.php\/wp-json\/wp\/v2\/pages\/154\/revisions\/5921"}],"wp:attachment":[{"href":"https:\/\/www.mskyselovice.cz\/index.php\/wp-json\/wp\/v2\/media?parent=154"}],"curies":[{"name":"wp","href":"https:\/\/api.w.org\/{rel}","templated":true}]}}